{"id":1095,"date":"2024-09-30T07:37:30","date_gmt":"2024-09-30T07:37:30","guid":{"rendered":"https:\/\/towado.ch\/?page_id=1095"},"modified":"2024-09-30T07:37:30","modified_gmt":"2024-09-30T07:37:30","slug":"wega-festumzug-2024","status":"publish","type":"page","link":"https:\/\/towado.ch\/?page_id=1095","title":{"rendered":"WEGA-Festumzug 2024"},"content":{"rendered":"<div id=\"envira-gallery-wrap-1085\" class=\"envira-gallery-wrap envira-gallery-theme-base envira-lightbox-theme-base\" itemscope itemtype=\"https:\/\/schema.org\/ImageGallery\"><div data-row-height=\"150\" data-gallery-theme=\"normal\" id=\"envira-gallery-1085\" class=\"envira-gallery-public envira-gallery-justified-public envira-gallery-0-columns envira-clear enviratope envira-gallery-css-animations\" data-envira-columns=\"0\"><div id=\"envira-gallery-item-1087\" class=\"envira-gallery-item enviratope-item envira-gallery-item-1 envira-lazy-load\" style=\"padding-left: 1px; padding-bottom: 1px; padding-right: 1px;\"  itemscope itemtype=\"https:\/\/schema.org\/ImageObject\"><div class=\"envira-gallery-item-inner\"><div class=\"envira-gallery-position-overlay  envira-gallery-top-left\"><\/div><div class=\"envira-gallery-position-overlay  envira-gallery-top-right\"><\/div><div class=\"envira-gallery-position-overlay  envira-gallery-bottom-left\"><\/div><div class=\"envira-gallery-position-overlay  envira-gallery-bottom-right\"><\/div><a href=\"https:\/\/towado.ch\/wp-content\/uploads\/2024\/09\/IMG_7625-scaled.jpg\" class=\"envira-gallery-1085 envira-gallery-link\" rel=\"enviragallery1085\" title=\"Besammlung beim Riesenrad\" data-envira-caption=\"Besammlung beim Riesenrad\" data-envira-retina=\"\" data-thumbnail=\"\"  itemprop=\"contentUrl\"><img decoding=\"async\" id=\"envira-gallery-image-1087\" class=\"envira-gallery-image envira-gallery-image-1 envira-normal envira-lazy\" data-envira-index=\"1\" src=\"https:\/\/towado.ch\/wp-content\/uploads\/2024\/09\/IMG_7625-1024x768-640x480.jpg\" data-envira-src=\"https:\/\/towado.ch\/wp-content\/uploads\/2024\/09\/IMG_7625-1024x768-640x480.jpg\" data-envira-gallery-id=\"1085\" data-envira-item-id=\"1087\" data-envira-caption=\"Besammlung beim Riesenrad\" alt=\"\" title=\"Besammlung beim Riesenrad\"  itemprop=\"thumbnailUrl\" data-envira-srcset=\"https:\/\/towado.ch\/wp-content\/uploads\/2024\/09\/IMG_7625-1024x768-640x480.jpg 400w,https:\/\/towado.ch\/wp-content\/uploads\/2024\/09\/IMG_7625-1024x768-640x480.jpg 2x\" data-envira-width=\"300\" data-envira-height=\"225\" srcset=\"data:image\/gif;base64,R0lGODlhAQABAIAAAP\/\/\/\/\/\/\/yH5BAEKAAEALAAAAAABAAEAAAICTAEAOw==\" data-safe-src=\"data:image\/gif;base64,R0lGODlhAQABAIAAAP\/\/\/\/\/\/\/yH5BAEKAAEALAAAAAABAAEAAAICTAEAOw==\" \/><\/a><\/div><\/div><div id=\"envira-gallery-item-1092\" class=\"envira-gallery-item enviratope-item envira-gallery-item-2 envira-lazy-load\" style=\"padding-left: 1px; padding-bottom: 1px; padding-right: 1px;\"  itemscope itemtype=\"https:\/\/schema.org\/ImageObject\"><div class=\"envira-gallery-item-inner\"><div class=\"envira-gallery-position-overlay  envira-gallery-top-left\"><\/div><div class=\"envira-gallery-position-overlay  envira-gallery-top-right\"><\/div><div class=\"envira-gallery-position-overlay  envira-gallery-bottom-left\"><\/div><div class=\"envira-gallery-position-overlay  envira-gallery-bottom-right\"><\/div><a href=\"https:\/\/towado.ch\/wp-content\/uploads\/2024\/09\/IMG_7640-1-scaled.jpg\" class=\"envira-gallery-1085 envira-gallery-link\" rel=\"enviragallery1085\" title=\"Zwei von insgesamt 38 Gruppen\" data-envira-caption=\"Zwei von insgesamt 38 Gruppen\" data-envira-retina=\"\" data-thumbnail=\"\"  itemprop=\"contentUrl\"><img decoding=\"async\" id=\"envira-gallery-image-1092\" class=\"envira-gallery-image envira-gallery-image-2 envira-normal envira-lazy\" data-envira-index=\"2\" src=\"https:\/\/towado.ch\/wp-content\/uploads\/2024\/09\/IMG_7640-1-1024x768-640x480.jpg\" data-envira-src=\"https:\/\/towado.ch\/wp-content\/uploads\/2024\/09\/IMG_7640-1-1024x768-640x480.jpg\" data-envira-gallery-id=\"1085\" data-envira-item-id=\"1092\" data-envira-caption=\"Zwei von insgesamt 38 Gruppen\" alt=\"\" title=\"Zwei von insgesamt 38 Gruppen\"  itemprop=\"thumbnailUrl\" data-envira-srcset=\"https:\/\/towado.ch\/wp-content\/uploads\/2024\/09\/IMG_7640-1-1024x768-640x480.jpg 400w,https:\/\/towado.ch\/wp-content\/uploads\/2024\/09\/IMG_7640-1-1024x768-640x480.jpg 2x\" data-envira-width=\"300\" data-envira-height=\"225\" srcset=\"data:image\/gif;base64,R0lGODlhAQABAIAAAP\/\/\/\/\/\/\/yH5BAEKAAEALAAAAAABAAEAAAICTAEAOw==\" data-safe-src=\"data:image\/gif;base64,R0lGODlhAQABAIAAAP\/\/\/\/\/\/\/yH5BAEKAAEALAAAAAABAAEAAAICTAEAOw==\" \/><\/a><\/div><\/div><div id=\"envira-gallery-item-1090\" class=\"envira-gallery-item enviratope-item envira-gallery-item-3 envira-lazy-load\" style=\"padding-left: 1px; padding-bottom: 1px; padding-right: 1px;\"  itemscope itemtype=\"https:\/\/schema.org\/ImageObject\"><div class=\"envira-gallery-item-inner\"><div class=\"envira-gallery-position-overlay  envira-gallery-top-left\"><\/div><div class=\"envira-gallery-position-overlay  envira-gallery-top-right\"><\/div><div class=\"envira-gallery-position-overlay  envira-gallery-bottom-left\"><\/div><div class=\"envira-gallery-position-overlay  envira-gallery-bottom-right\"><\/div><a href=\"https:\/\/towado.ch\/wp-content\/uploads\/2024\/09\/IMG_7657-scaled.jpg\" class=\"envira-gallery-1085 envira-gallery-link\" rel=\"enviragallery1085\" title=\"Thurgauer Fahnenschwinger\" data-envira-caption=\"Thurgauer Fahnenschwinger\" data-envira-retina=\"\" data-thumbnail=\"\"  itemprop=\"contentUrl\"><img decoding=\"async\" id=\"envira-gallery-image-1090\" class=\"envira-gallery-image envira-gallery-image-3 envira-normal envira-lazy\" data-envira-index=\"3\" src=\"https:\/\/towado.ch\/wp-content\/uploads\/2024\/09\/IMG_7657-1024x768-640x480.jpg\" data-envira-src=\"https:\/\/towado.ch\/wp-content\/uploads\/2024\/09\/IMG_7657-1024x768-640x480.jpg\" data-envira-gallery-id=\"1085\" data-envira-item-id=\"1090\" data-envira-caption=\"Thurgauer Fahnenschwinger\" alt=\"\" title=\"Thurgauer Fahnenschwinger\"  itemprop=\"thumbnailUrl\" data-envira-srcset=\"https:\/\/towado.ch\/wp-content\/uploads\/2024\/09\/IMG_7657-1024x768-640x480.jpg 400w,https:\/\/towado.ch\/wp-content\/uploads\/2024\/09\/IMG_7657-1024x768-640x480.jpg 2x\" data-envira-width=\"300\" data-envira-height=\"225\" srcset=\"data:image\/gif;base64,R0lGODlhAQABAIAAAP\/\/\/\/\/\/\/yH5BAEKAAEALAAAAAABAAEAAAICTAEAOw==\" data-safe-src=\"data:image\/gif;base64,R0lGODlhAQABAIAAAP\/\/\/\/\/\/\/yH5BAEKAAEALAAAAAABAAEAAAICTAEAOw==\" \/><\/a><\/div><\/div><div id=\"envira-gallery-item-1086\" class=\"envira-gallery-item enviratope-item envira-gallery-item-4 envira-lazy-load\" style=\"padding-left: 1px; padding-bottom: 1px; padding-right: 1px;\"  itemscope itemtype=\"https:\/\/schema.org\/ImageObject\"><div class=\"envira-gallery-item-inner\"><div class=\"envira-gallery-position-overlay  envira-gallery-top-left\"><\/div><div class=\"envira-gallery-position-overlay  envira-gallery-top-right\"><\/div><div class=\"envira-gallery-position-overlay  envira-gallery-bottom-left\"><\/div><div class=\"envira-gallery-position-overlay  envira-gallery-bottom-right\"><\/div><a href=\"https:\/\/towado.ch\/wp-content\/uploads\/2024\/09\/IMG_7659.jpg\" class=\"envira-gallery-1085 envira-gallery-link\" rel=\"enviragallery1085\" title=\"Beim Bahnhof Weinfelden\" data-envira-caption=\"Beim Bahnhof Weinfelden\" data-envira-retina=\"\" data-thumbnail=\"\"  itemprop=\"contentUrl\"><img decoding=\"async\" id=\"envira-gallery-image-1086\" class=\"envira-gallery-image envira-gallery-image-4 envira-normal envira-lazy\" data-envira-index=\"4\" src=\"https:\/\/towado.ch\/wp-content\/uploads\/2024\/09\/IMG_7659-1024x768-640x480.jpg\" data-envira-src=\"https:\/\/towado.ch\/wp-content\/uploads\/2024\/09\/IMG_7659-1024x768-640x480.jpg\" data-envira-gallery-id=\"1085\" data-envira-item-id=\"1086\" data-envira-caption=\"Beim Bahnhof Weinfelden\" alt=\"\" title=\"Beim Bahnhof Weinfelden\"  itemprop=\"thumbnailUrl\" data-envira-srcset=\"https:\/\/towado.ch\/wp-content\/uploads\/2024\/09\/IMG_7659-1024x768-640x480.jpg 400w,https:\/\/towado.ch\/wp-content\/uploads\/2024\/09\/IMG_7659-1024x768-640x480.jpg 2x\" data-envira-width=\"300\" data-envira-height=\"225\" srcset=\"data:image\/gif;base64,R0lGODlhAQABAIAAAP\/\/\/\/\/\/\/yH5BAEKAAEALAAAAAABAAEAAAICTAEAOw==\" data-safe-src=\"data:image\/gif;base64,R0lGODlhAQABAIAAAP\/\/\/\/\/\/\/yH5BAEKAAEALAAAAAABAAEAAAICTAEAOw==\" \/><\/a><\/div><\/div><div id=\"envira-gallery-item-1088\" class=\"envira-gallery-item enviratope-item envira-gallery-item-5 envira-lazy-load\" style=\"padding-left: 1px; padding-bottom: 1px; padding-right: 1px;\"  itemscope itemtype=\"https:\/\/schema.org\/ImageObject\"><div class=\"envira-gallery-item-inner\"><div class=\"envira-gallery-position-overlay  envira-gallery-top-left\"><\/div><div class=\"envira-gallery-position-overlay  envira-gallery-top-right\"><\/div><div class=\"envira-gallery-position-overlay  envira-gallery-bottom-left\"><\/div><div class=\"envira-gallery-position-overlay  envira-gallery-bottom-right\"><\/div><a href=\"https:\/\/towado.ch\/wp-content\/uploads\/2024\/09\/IMG_7663-scaled.jpg\" class=\"envira-gallery-1085 envira-gallery-link\" rel=\"enviragallery1085\" title=\"Ein von ca. 7 Darbietungen\" data-envira-caption=\"Ein von ca. 7 Darbietungen\" data-envira-retina=\"\" data-thumbnail=\"\"  itemprop=\"contentUrl\"><img decoding=\"async\" id=\"envira-gallery-image-1088\" class=\"envira-gallery-image envira-gallery-image-5 envira-normal envira-lazy\" data-envira-index=\"5\" src=\"https:\/\/towado.ch\/wp-content\/uploads\/2024\/09\/IMG_7663-1024x768-640x480.jpg\" data-envira-src=\"https:\/\/towado.ch\/wp-content\/uploads\/2024\/09\/IMG_7663-1024x768-640x480.jpg\" data-envira-gallery-id=\"1085\" data-envira-item-id=\"1088\" data-envira-caption=\"Ein von ca. 7 Darbietungen\" alt=\"\" title=\"Ein von ca. 7 Darbietungen\"  itemprop=\"thumbnailUrl\" data-envira-srcset=\"https:\/\/towado.ch\/wp-content\/uploads\/2024\/09\/IMG_7663-1024x768-640x480.jpg 400w,https:\/\/towado.ch\/wp-content\/uploads\/2024\/09\/IMG_7663-1024x768-640x480.jpg 2x\" data-envira-width=\"300\" data-envira-height=\"225\" srcset=\"data:image\/gif;base64,R0lGODlhAQABAIAAAP\/\/\/\/\/\/\/yH5BAEKAAEALAAAAAABAAEAAAICTAEAOw==\" data-safe-src=\"data:image\/gif;base64,R0lGODlhAQABAIAAAP\/\/\/\/\/\/\/yH5BAEKAAEALAAAAAABAAEAAAICTAEAOw==\" \/><\/a><\/div><\/div><div id=\"envira-gallery-item-1089\" class=\"envira-gallery-item enviratope-item envira-gallery-item-6 envira-lazy-load\" style=\"padding-left: 1px; padding-bottom: 1px; padding-right: 1px;\"  itemscope itemtype=\"https:\/\/schema.org\/ImageObject\"><div class=\"envira-gallery-item-inner\"><div class=\"envira-gallery-position-overlay  envira-gallery-top-left\"><\/div><div class=\"envira-gallery-position-overlay  envira-gallery-top-right\"><\/div><div class=\"envira-gallery-position-overlay  envira-gallery-bottom-left\"><\/div><div class=\"envira-gallery-position-overlay  envira-gallery-bottom-right\"><\/div><a href=\"https:\/\/towado.ch\/wp-content\/uploads\/2024\/09\/IMG_7665-scaled.jpg\" class=\"envira-gallery-1085 envira-gallery-link\" rel=\"enviragallery1085\" title=\"Mit WEGA Gesch&auml;ftsf&uuml;hrer &amp;amp;amp; Verwaltungsratspr&auml;sidenten\" data-envira-caption=\"Mit WEGA Gesch&auml;ftsf&uuml;hrer &amp;amp;amp; Verwaltungsratspr&auml;sidenten\" data-envira-retina=\"\" data-thumbnail=\"\"  itemprop=\"contentUrl\"><img decoding=\"async\" id=\"envira-gallery-image-1089\" class=\"envira-gallery-image envira-gallery-image-6 envira-normal envira-lazy\" data-envira-index=\"6\" src=\"https:\/\/towado.ch\/wp-content\/uploads\/2024\/09\/IMG_7665-1024x768-640x480.jpg\" data-envira-src=\"https:\/\/towado.ch\/wp-content\/uploads\/2024\/09\/IMG_7665-1024x768-640x480.jpg\" data-envira-gallery-id=\"1085\" data-envira-item-id=\"1089\" data-envira-caption=\"Mit WEGA Gesch&auml;ftsf&uuml;hrer &amp;amp;amp; Verwaltungsratspr&auml;sidenten\" alt=\"\" title=\"Mit WEGA Gesch\u00e4ftsf\u00fchrer &amp;amp; Verwaltungsratspr\u00e4sidenten\"  itemprop=\"thumbnailUrl\" data-envira-srcset=\"https:\/\/towado.ch\/wp-content\/uploads\/2024\/09\/IMG_7665-1024x768-640x480.jpg 400w,https:\/\/towado.ch\/wp-content\/uploads\/2024\/09\/IMG_7665-1024x768-640x480.jpg 2x\" data-envira-width=\"300\" data-envira-height=\"225\" srcset=\"data:image\/gif;base64,R0lGODlhAQABAIAAAP\/\/\/\/\/\/\/yH5BAEKAAEALAAAAAABAAEAAAICTAEAOw==\" data-safe-src=\"data:image\/gif;base64,R0lGODlhAQABAIAAAP\/\/\/\/\/\/\/yH5BAEKAAEALAAAAAABAAEAAAICTAEAOw==\" \/><\/a><\/div><\/div><\/div><\/div><noscript><img decoding=\"async\" src=\"https:\/\/towado.ch\/wp-content\/uploads\/2024\/09\/IMG_7625-scaled.jpg\" alt=\"\" \/><img decoding=\"async\" src=\"https:\/\/towado.ch\/wp-content\/uploads\/2024\/09\/IMG_7640-1-scaled.jpg\" alt=\"\" \/><img decoding=\"async\" src=\"https:\/\/towado.ch\/wp-content\/uploads\/2024\/09\/IMG_7657-scaled.jpg\" alt=\"\" \/><img decoding=\"async\" src=\"https:\/\/towado.ch\/wp-content\/uploads\/2024\/09\/IMG_7659.jpg\" alt=\"\" \/><img decoding=\"async\" src=\"https:\/\/towado.ch\/wp-content\/uploads\/2024\/09\/IMG_7663-scaled.jpg\" alt=\"\" \/><img decoding=\"async\" src=\"https:\/\/towado.ch\/wp-content\/uploads\/2024\/09\/IMG_7665-scaled.jpg\" alt=\"\" \/><\/noscript>\n","protected":false},"excerpt":{"rendered":"","protected":false},"author":1,"featured_media":0,"parent":0,"menu_order":0,"comment_status":"closed","ping_status":"closed","template":"","meta":{"footnotes":""},"class_list":["post-1095","page","type-page","status-publish","hentry"],"_links":{"self":[{"href":"https:\/\/towado.ch\/index.php?rest_route=\/wp\/v2\/pages\/1095","targetHints":{"allow":["GET"]}}],"collection":[{"href":"https:\/\/towado.ch\/index.php?rest_route=\/wp\/v2\/pages"}],"about":[{"href":"https:\/\/towado.ch\/index.php?rest_route=\/wp\/v2\/types\/page"}],"author":[{"embeddable":true,"href":"https:\/\/towado.ch\/index.php?rest_route=\/wp\/v2\/users\/1"}],"replies":[{"embeddable":true,"href":"https:\/\/towado.ch\/index.php?rest_route=%2Fwp%2Fv2%2Fcomments&post=1095"}],"version-history":[{"count":1,"href":"https:\/\/towado.ch\/index.php?rest_route=\/wp\/v2\/pages\/1095\/revisions"}],"predecessor-version":[{"id":1096,"href":"https:\/\/towado.ch\/index.php?rest_route=\/wp\/v2\/pages\/1095\/revisions\/1096"}],"wp:attachment":[{"href":"https:\/\/towado.ch\/index.php?rest_route=%2Fwp%2Fv2%2Fmedia&parent=1095"}],"curies":[{"name":"wp","href":"https:\/\/api.w.org\/{rel}","templated":true}]}}