{"id":634,"date":"2018-06-14T07:40:23","date_gmt":"2018-06-14T07:40:23","guid":{"rendered":"https:\/\/towado.ch\/?page_id=634"},"modified":"2018-06-14T07:46:34","modified_gmt":"2018-06-14T07:46:34","slug":"graduierungssystem","status":"publish","type":"page","link":"https:\/\/towado.ch\/?page_id=634","title":{"rendered":"Graduierungssystem"},"content":{"rendered":"<p>Unser Menkyo (System zur Einweihung eines Sch\u00fclers) lautet wie folgt:<\/p>\n\n<table id=\"tablepress-4\" class=\"tablepress tablepress-id-4\">\n<thead>\n<tr class=\"row-1\">\n\t<th class=\"column-1\">ZERTIFIKAT<\/th><th class=\"column-2\">BEDEUTUNG<\/th><td class=\"column-3\"><\/td>\n<\/tr>\n<\/thead>\n<tbody class=\"row-hover\">\n<tr class=\"row-2\">\n\t<td class=\"column-1\">Kirigami<\/td><td class=\"column-2\">Anwartschaft<\/td><td class=\"column-3\"><\/td>\n<\/tr>\n<tr class=\"row-3\">\n\t<td class=\"column-1\">Shomokuroku<\/td><td class=\"column-2\">erstes Zertifikat<\/td><td class=\"column-3\"><\/td>\n<\/tr>\n<tr class=\"row-4\">\n\t<td class=\"column-1\">Shoden<\/td><td class=\"column-2\">erste Einweihung<\/td><td class=\"column-3\">entspricht dem 1. Dan<\/td>\n<\/tr>\n<tr class=\"row-5\">\n\t<td class=\"column-1\">Chuden<\/td><td class=\"column-2\">zweite Einweihung<\/td><td class=\"column-3\">entspricht dem 2. Dan<\/td>\n<\/tr>\n<tr class=\"row-6\">\n\t<td class=\"column-1\">Okuden<\/td><td class=\"column-2\">geheime Techniken<\/td><td class=\"column-3\">entspricht dem 3. Dan<\/td>\n<\/tr>\n<tr class=\"row-7\">\n\t<td class=\"column-1\">Kaiden<\/td><td class=\"column-2\">vollst\u00e4ndige Einweihung<\/td><td class=\"column-3\">entspricht dem 4. Dan<\/td>\n<\/tr>\n<tr class=\"row-8\">\n\t<td class=\"column-1\">Menkyo Kaiden<\/td><td class=\"column-2\">offizielle Lizenz<\/td><td class=\"column-3\"><\/td>\n<\/tr>\n<\/tbody>\n<\/table>\n<!-- #tablepress-4 from cache -->\n<p>Wenn die Sch\u00fcler im Laufe der Zeit einen gewissen Grad der Ausbildung absolviert haben, erhalten Sie vom Lehrer ein entsprechendes Zertifikat.<\/p>\n<p>In den Menkyo gibt es <em>keine<\/em> Pr\u00fcfungen und <em>kein<\/em> Pr\u00fcfungsprogramm. Nur der Meister entscheidet \u00fcber den Eintritt in die n\u00e4chste Stufe.<\/p>\n","protected":false},"excerpt":{"rendered":"<p>Unser Menkyo (System zur Einweihung eines Sch\u00fclers) lautet wie folgt: Wenn die Sch\u00fcler im Laufe der Zeit einen gewissen Grad der Ausbildung absolviert haben, erhalten Sie vom Lehrer ein entsprechendes Zertifikat. In den Menkyo gibt es keine Pr\u00fcfungen und kein Pr\u00fcfungsprogramm. Nur der Meister entscheidet \u00fcber den Eintritt in die n\u00e4chste Stufe.<\/p>\n","protected":false},"author":1,"featured_media":0,"parent":0,"menu_order":0,"comment_status":"closed","ping_status":"closed","template":"","meta":{"footnotes":""},"class_list":["post-634","page","type-page","status-publish","hentry"],"_links":{"self":[{"href":"https:\/\/towado.ch\/index.php?rest_route=\/wp\/v2\/pages\/634","targetHints":{"allow":["GET"]}}],"collection":[{"href":"https:\/\/towado.ch\/index.php?rest_route=\/wp\/v2\/pages"}],"about":[{"href":"https:\/\/towado.ch\/index.php?rest_route=\/wp\/v2\/types\/page"}],"author":[{"embeddable":true,"href":"https:\/\/towado.ch\/index.php?rest_route=\/wp\/v2\/users\/1"}],"replies":[{"embeddable":true,"href":"https:\/\/towado.ch\/index.php?rest_route=%2Fwp%2Fv2%2Fcomments&post=634"}],"version-history":[{"count":2,"href":"https:\/\/towado.ch\/index.php?rest_route=\/wp\/v2\/pages\/634\/revisions"}],"predecessor-version":[{"id":638,"href":"https:\/\/towado.ch\/index.php?rest_route=\/wp\/v2\/pages\/634\/revisions\/638"}],"wp:attachment":[{"href":"https:\/\/towado.ch\/index.php?rest_route=%2Fwp%2Fv2%2Fmedia&parent=634"}],"curies":[{"name":"wp","href":"https:\/\/api.w.org\/{rel}","templated":true}]}}