{"id":7,"date":"2016-03-01T14:16:39","date_gmt":"2016-03-01T14:16:39","guid":{"rendered":"https:\/\/towado.ch\/Blog\/?page_id=7"},"modified":"2025-11-27T09:31:00","modified_gmt":"2025-11-27T09:31:00","slug":"links","status":"publish","type":"page","link":"https:\/\/towado.ch\/?page_id=7","title":{"rendered":"Links"},"content":{"rendered":"<p><a href=\"http:\/\/www.shozindo.com\" target=\"_blank\" rel=\"noopener noreferrer\">Shozindo-Karate <\/a>&#8211; traditionelle Kampfkunst und Bewegungslehre<br \/>\n<a href=\"http:\/\/www.samurai-coach.ch\" target=\"_blank\" rel=\"noopener noreferrer\">Samurai Coach<\/a> &#8211; Workshops f\u00fcr Gesundheit, Pers\u00f6nlichkeit &amp; Teambildung<br \/>\n<a href=\"http:\/\/www.budo-center.ch\" target=\"_blank\" rel=\"noopener noreferrer\">Budo Center Oberuzwil<\/a> &#8211; Center f\u00fcr asiatische Kampfk\u00fcnste<\/p>\n<p><a href=\"https:\/\/vimeo.com\/search?q=Towado\" target=\"_blank\" rel=\"noopener noreferrer\">Film-Projekte<\/a><\/p>\n<p>Youtube:<\/p>\n<ul>\n<li><a href=\"https:\/\/www.youtube.com\/watch?v=K8rOQ6y-ho0\">all about Iaido<\/a><\/li>\n<li><a href=\"https:\/\/www.youtube.com\/watch?v=owYOInhzx20\">Bambus Tameshigiri<\/a><\/li>\n<li><a href=\"https:\/\/www.youtube.com\/watch?v=dthkfXJTUww\">Iaido &#8211; die Kunst des Schwertziehens<\/a><\/li>\n<li><a href=\"https:\/\/www.youtube.com\/watch?v=W8JL2wDVlv8&amp;t=27s\">Iaido &#8211; die Kunst, das Schwert zu ziehen<\/a><\/li>\n<\/ul>\n","protected":false},"excerpt":{"rendered":"<p>Shozindo-Karate &#8211; traditionelle Kampfkunst und Bewegungslehre Samurai Coach &#8211; Workshops f\u00fcr Gesundheit, Pers\u00f6nlichkeit &amp; Teambildung Budo Center Oberuzwil &#8211; Center f\u00fcr asiatische Kampfk\u00fcnste Film-Projekte Youtube: all about Iaido Bambus Tameshigiri Iaido &#8211; die Kunst des Schwertziehens Iaido &#8211; die Kunst, das Schwert zu ziehen<\/p>\n","protected":false},"author":1,"featured_media":483,"parent":0,"menu_order":4,"comment_status":"closed","ping_status":"closed","template":"","meta":{"footnotes":""},"class_list":["post-7","page","type-page","status-publish","has-post-thumbnail","hentry"],"_links":{"self":[{"href":"https:\/\/towado.ch\/index.php?rest_route=\/wp\/v2\/pages\/7","targetHints":{"allow":["GET"]}}],"collection":[{"href":"https:\/\/towado.ch\/index.php?rest_route=\/wp\/v2\/pages"}],"about":[{"href":"https:\/\/towado.ch\/index.php?rest_route=\/wp\/v2\/types\/page"}],"author":[{"embeddable":true,"href":"https:\/\/towado.ch\/index.php?rest_route=\/wp\/v2\/users\/1"}],"replies":[{"embeddable":true,"href":"https:\/\/towado.ch\/index.php?rest_route=%2Fwp%2Fv2%2Fcomments&post=7"}],"version-history":[{"count":12,"href":"https:\/\/towado.ch\/index.php?rest_route=\/wp\/v2\/pages\/7\/revisions"}],"predecessor-version":[{"id":1137,"href":"https:\/\/towado.ch\/index.php?rest_route=\/wp\/v2\/pages\/7\/revisions\/1137"}],"wp:featuredmedia":[{"embeddable":true,"href":"https:\/\/towado.ch\/index.php?rest_route=\/wp\/v2\/media\/483"}],"wp:attachment":[{"href":"https:\/\/towado.ch\/index.php?rest_route=%2Fwp%2Fv2%2Fmedia&parent=7"}],"curies":[{"name":"wp","href":"https:\/\/api.w.org\/{rel}","templated":true}]}}